{"id":345732,"date":"2024-01-25T16:10:43","date_gmt":"2024-01-25T15:10:43","guid":{"rendered":"https:\/\/www.advancedmanufacturingmadrid.com\/?page_id=345732"},"modified":"2025-07-08T09:55:40","modified_gmt":"2025-07-08T07:55:40","slug":"suscribete-a-nuestra-newsletter","status":"publish","type":"page","link":"https:\/\/www.advancedmanufacturingmadrid.com\/es\/content-365\/suscribete-a-nuestra-newsletter\/","title":{"rendered":"Suscr\u00edbete a nuestra newsletter"},"content":{"rendered":"\t\t<div data-elementor-type=\"wp-page\" data-elementor-id=\"345732\" class=\"elementor elementor-345732\" data-elementor-post-type=\"page\">\n\t\t\t\t\t\t<section class=\"elementor-section elementor-top-section elementor-element elementor-element-360c71c elementor-section-full_width elementor-section-height-default elementor-section-height-default\" data-id=\"360c71c\" data-element_type=\"section\" data-settings=\"{&quot;background_background&quot;:&quot;classic&quot;}\">\n\t\t\t\t\t\t\t<div class=\"elementor-background-overlay\"><\/div>\n\t\t\t\t\t\t\t<div class=\"elementor-container elementor-column-gap-default\">\n\t\t\t\t\t<div class=\"elementor-column elementor-col-50 elementor-top-column elementor-element elementor-element-565d3cf\" data-id=\"565d3cf\" data-element_type=\"column\" data-settings=\"{&quot;background_background&quot;:&quot;classic&quot;,&quot;motion_fx_motion_fx_scrolling&quot;:&quot;yes&quot;,&quot;motion_fx_devices&quot;:[&quot;desktop&quot;,&quot;tablet&quot;,&quot;mobile&quot;]}\">\n\t\t\t<div class=\"elementor-widget-wrap elementor-element-populated\">\n\t\t\t\t\t\t<div class=\"elementor-element elementor-element-f617cb2 elementor-invisible elementor-widget elementor-widget-heading\" data-id=\"f617cb2\" data-element_type=\"widget\" data-settings=\"{&quot;_animation&quot;:&quot;fadeInUp&quot;}\" data-widget_type=\"heading.default\">\n\t\t\t\t<div class=\"elementor-widget-container\">\n\t\t\t\t\t<h1 class=\"elementor-heading-title elementor-size-default\">Suscr\u00edbete a nuestra newsletter mensual totalmente gratuita y accede directamente a las noticias del mes.<\/h1>\t\t\t\t<\/div>\n\t\t\t\t<\/div>\n\t\t\t\t<div class=\"elementor-element elementor-element-4f7b9fd elementor-invisible elementor-widget elementor-widget-text-editor\" data-id=\"4f7b9fd\" data-element_type=\"widget\" data-settings=\"{&quot;_animation&quot;:&quot;fadeInUp&quot;}\" data-widget_type=\"text-editor.default\">\n\t\t\t\t<div class=\"elementor-widget-container\">\n\t\t\t\t\t\t\t\t\t<p>Suscr\u00edbete a nuestro bolet\u00edn mensual rellenando el siguiente formulario. Estar\u00e1s al d\u00eda de las \u00faltimas noticias del sector y de las novedades del evento.<\/p><p>Adem\u00e1s, tendr\u00e1s <strong>acceso gratuito a:<\/strong><\/p><ul><li>Las novedades del sector<\/li><li>Las noticias del evento<\/li><li>Las<strong> ponencias y mesas redondas<\/strong> de Advanced Manufacturing<\/li><li>Nuestra secci\u00f3n de <strong>entrevistas \u00abOn the sofa with&#8230;\u00bb <\/strong><\/li><li>Nuestra secci\u00f3n de entrevistas<strong> \u00abBehind the innovations<\/strong>\u00abdonde nos ssentamos a charlas con expertos del sector.<\/li><\/ul><p>Si est\u00e1 interesado en ganar visibilidad de marca y anunciarte con nosotros, puede obtener <a href=\"https:\/\/www.advancedmanufacturingmadrid.com\/es\/exponer\/acciones-digitales\/\">m\u00e1s informaci\u00f3n aqu\u00ed.<\/a><\/p>\t\t\t\t\t\t\t\t<\/div>\n\t\t\t\t<\/div>\n\t\t\t\t\t<\/div>\n\t\t<\/div>\n\t\t\t\t<div class=\"elementor-column elementor-col-50 elementor-top-column elementor-element elementor-element-93f7205\" data-id=\"93f7205\" data-element_type=\"column\" data-settings=\"{&quot;background_background&quot;:&quot;classic&quot;}\">\n\t\t\t<div class=\"elementor-widget-wrap elementor-element-populated\">\n\t\t\t\t\t\t<div class=\"elementor-element elementor-element-e8c3e65 elementor-tablet-button-align-stretch elementor-button-align-stretch elementor-widget elementor-widget-form\" data-id=\"e8c3e65\" data-element_type=\"widget\" data-settings=\"{&quot;step_next_label&quot;:&quot;Next&quot;,&quot;step_previous_label&quot;:&quot;Previous&quot;,&quot;button_width&quot;:&quot;100&quot;,&quot;step_type&quot;:&quot;number_text&quot;,&quot;step_icon_shape&quot;:&quot;circle&quot;}\" data-widget_type=\"form.default\">\n\t\t\t\t<div class=\"elementor-widget-container\">\n\t\t\t\t\t\t\t<form class=\"elementor-form\" method=\"post\" name=\"Stay informed\" aria-label=\"Stay informed\">\n\t\t\t<input type=\"hidden\" name=\"post_id\" value=\"345732\"\/>\n\t\t\t<input type=\"hidden\" name=\"form_id\" value=\"e8c3e65\"\/>\n\t\t\t<input type=\"hidden\" name=\"referer_title\" value=\"\" \/>\n\n\t\t\t\n\t\t\t<div class=\"elementor-form-fields-wrapper elementor-labels-above\">\n\t\t\t\t\t\t\t\t<div class=\"elementor-field-type-text elementor-field-group elementor-column elementor-field-group-FirstName elementor-col-50 elementor-field-required elementor-mark-required\">\n\t\t\t\t\t\t\t\t\t\t\t\t<label for=\"form-field-FirstName\" class=\"elementor-field-label\">\n\t\t\t\t\t\t\t\tNombre\t\t\t\t\t\t\t<\/label>\n\t\t\t\t\t\t\t\t\t\t\t\t\t\t<input size=\"1\" type=\"text\" name=\"form_fields[FirstName]\" id=\"form-field-FirstName\" class=\"elementor-field elementor-size-sm  elementor-field-textual\" required=\"required\">\n\t\t\t\t\t\t\t\t\t\t\t<\/div>\n\t\t\t\t\t\t\t\t<div class=\"elementor-field-type-text elementor-field-group elementor-column elementor-field-group-LastName elementor-col-50 elementor-field-required elementor-mark-required\">\n\t\t\t\t\t\t\t\t\t\t\t\t<label for=\"form-field-LastName\" class=\"elementor-field-label\">\n\t\t\t\t\t\t\t\tApellidos\t\t\t\t\t\t\t<\/label>\n\t\t\t\t\t\t\t\t\t\t\t\t\t\t<input size=\"1\" type=\"text\" name=\"form_fields[LastName]\" id=\"form-field-LastName\" class=\"elementor-field elementor-size-sm  elementor-field-textual\" required=\"required\">\n\t\t\t\t\t\t\t\t\t\t\t<\/div>\n\t\t\t\t\t\t\t\t<div class=\"elementor-field-type-email elementor-field-group elementor-column elementor-field-group-Email elementor-col-50 elementor-field-required elementor-mark-required\">\n\t\t\t\t\t\t\t\t\t\t\t\t<label for=\"form-field-Email\" class=\"elementor-field-label\">\n\t\t\t\t\t\t\t\tEmail\t\t\t\t\t\t\t<\/label>\n\t\t\t\t\t\t\t\t\t\t\t\t\t\t<input size=\"1\" type=\"email\" name=\"form_fields[Email]\" id=\"form-field-Email\" class=\"elementor-field elementor-size-sm  elementor-field-textual\" placeholder=\"Tu email...\" required=\"required\">\n\t\t\t\t\t\t\t\t\t\t\t<\/div>\n\t\t\t\t\t\t\t\t<div class=\"elementor-field-type-text elementor-field-group elementor-column elementor-field-group-JobTitle elementor-col-50 elementor-field-required elementor-mark-required\">\n\t\t\t\t\t\t\t\t\t\t\t\t<label for=\"form-field-JobTitle\" class=\"elementor-field-label\">\n\t\t\t\t\t\t\t\tCargo\t\t\t\t\t\t\t<\/label>\n\t\t\t\t\t\t\t\t\t\t\t\t\t\t<input size=\"1\" type=\"text\" name=\"form_fields[JobTitle]\" id=\"form-field-JobTitle\" class=\"elementor-field elementor-size-sm  elementor-field-textual\" required=\"required\">\n\t\t\t\t\t\t\t\t\t\t\t<\/div>\n\t\t\t\t\t\t\t\t<div class=\"elementor-field-type-text elementor-field-group elementor-column elementor-field-group-CompanyName elementor-col-50 elementor-field-required elementor-mark-required\">\n\t\t\t\t\t\t\t\t\t\t\t\t<label for=\"form-field-CompanyName\" class=\"elementor-field-label\">\n\t\t\t\t\t\t\t\tEmpresa\t\t\t\t\t\t\t<\/label>\n\t\t\t\t\t\t\t\t\t\t\t\t\t\t<input size=\"1\" type=\"text\" name=\"form_fields[CompanyName]\" id=\"form-field-CompanyName\" class=\"elementor-field elementor-size-sm  elementor-field-textual\" required=\"required\">\n\t\t\t\t\t\t\t\t\t\t\t<\/div>\n\t\t\t\t\t\t\t\t<div class=\"elementor-field-type-select elementor-field-group elementor-column elementor-field-group-Provincia elementor-col-50 elementor-field-required elementor-mark-required\">\n\t\t\t\t\t\t\t\t\t\t\t\t<label for=\"form-field-Provincia\" class=\"elementor-field-label\">\n\t\t\t\t\t\t\t\tProvincia\t\t\t\t\t\t\t<\/label>\n\t\t\t\t\t\t\t\t<div class=\"elementor-field elementor-select-wrapper remove-before \">\n\t\t\t<div class=\"select-caret-down-wrapper\">\n\t\t\t\t<i aria-hidden=\"true\" class=\"eicon-caret-down\"><\/i>\t\t\t<\/div>\n\t\t\t<select name=\"form_fields[Provincia]\" id=\"form-field-Provincia\" class=\"elementor-field-textual elementor-size-sm\" required=\"required\">\n\t\t\t\t\t\t\t\t\t<option value=\"Madrid\">Madrid<\/option>\n\t\t\t\t\t\t\t\t\t<option value=\"\u00c1lava\">\u00c1lava<\/option>\n\t\t\t\t\t\t\t\t\t<option value=\"Albacete\">Albacete<\/option>\n\t\t\t\t\t\t\t\t\t<option value=\"Alicante\">Alicante<\/option>\n\t\t\t\t\t\t\t\t\t<option value=\"Almer\u00eda\">Almer\u00eda<\/option>\n\t\t\t\t\t\t\t\t\t<option value=\"Asturias\">Asturias<\/option>\n\t\t\t\t\t\t\t\t\t<option value=\"\u00c1vila\">\u00c1vila<\/option>\n\t\t\t\t\t\t\t\t\t<option value=\"Badajoz\">Badajoz<\/option>\n\t\t\t\t\t\t\t\t\t<option value=\"Barcelona\">Barcelona<\/option>\n\t\t\t\t\t\t\t\t\t<option value=\"Burgos\">Burgos<\/option>\n\t\t\t\t\t\t\t\t\t<option value=\"C\u00e1ceres\">C\u00e1ceres<\/option>\n\t\t\t\t\t\t\t\t\t<option value=\"C\u00e1diz\">C\u00e1diz<\/option>\n\t\t\t\t\t\t\t\t\t<option value=\"Cantabria\">Cantabria<\/option>\n\t\t\t\t\t\t\t\t\t<option value=\"Castell\u00f3n\">Castell\u00f3n<\/option>\n\t\t\t\t\t\t\t\t\t<option value=\"Ceuta\">Ceuta<\/option>\n\t\t\t\t\t\t\t\t\t<option value=\"Ciudad Real\">Ciudad Real<\/option>\n\t\t\t\t\t\t\t\t\t<option value=\"C\u00f3rdoba\">C\u00f3rdoba<\/option>\n\t\t\t\t\t\t\t\t\t<option value=\"Cuenca\">Cuenca<\/option>\n\t\t\t\t\t\t\t\t\t<option value=\"Gerona\">Gerona<\/option>\n\t\t\t\t\t\t\t\t\t<option value=\"Granada\">Granada<\/option>\n\t\t\t\t\t\t\t\t\t<option value=\"Guadalajara\">Guadalajara<\/option>\n\t\t\t\t\t\t\t\t\t<option value=\"Guip\u00fazcoa\">Guip\u00fazcoa<\/option>\n\t\t\t\t\t\t\t\t\t<option value=\"Huelva\">Huelva<\/option>\n\t\t\t\t\t\t\t\t\t<option value=\"Huesca\">Huesca<\/option>\n\t\t\t\t\t\t\t\t\t<option value=\"Islas Baleares\">Islas Baleares<\/option>\n\t\t\t\t\t\t\t\t\t<option value=\"Ja\u00e9n\">Ja\u00e9n<\/option>\n\t\t\t\t\t\t\t\t\t<option value=\"La Coru\u00f1a\">La Coru\u00f1a<\/option>\n\t\t\t\t\t\t\t\t\t<option value=\"La Rioja\">La Rioja<\/option>\n\t\t\t\t\t\t\t\t\t<option value=\"Las Palmas\">Las Palmas<\/option>\n\t\t\t\t\t\t\t\t\t<option value=\"Le\u00f3n\">Le\u00f3n<\/option>\n\t\t\t\t\t\t\t\t\t<option value=\"L\u00e9rida\">L\u00e9rida<\/option>\n\t\t\t\t\t\t\t\t\t<option value=\"Lugo\">Lugo<\/option>\n\t\t\t\t\t\t\t\t\t<option value=\"Madrid\">Madrid<\/option>\n\t\t\t\t\t\t\t\t\t<option value=\"M\u00e1laga\">M\u00e1laga<\/option>\n\t\t\t\t\t\t\t\t\t<option value=\"Melilla\">Melilla<\/option>\n\t\t\t\t\t\t\t\t\t<option value=\"Murcia\">Murcia<\/option>\n\t\t\t\t\t\t\t\t\t<option value=\"Navarra\">Navarra<\/option>\n\t\t\t\t\t\t\t\t\t<option value=\"Orense\">Orense<\/option>\n\t\t\t\t\t\t\t\t\t<option value=\"Palencia\">Palencia<\/option>\n\t\t\t\t\t\t\t\t\t<option value=\"Pontevedra\">Pontevedra<\/option>\n\t\t\t\t\t\t\t\t\t<option value=\"Salamanca\">Salamanca<\/option>\n\t\t\t\t\t\t\t\t\t<option value=\"Segovia\">Segovia<\/option>\n\t\t\t\t\t\t\t\t\t<option value=\"Sevilla\">Sevilla<\/option>\n\t\t\t\t\t\t\t\t\t<option value=\"Soria\">Soria<\/option>\n\t\t\t\t\t\t\t\t\t<option value=\"Tarragona\">Tarragona<\/option>\n\t\t\t\t\t\t\t\t\t<option value=\"Tenerife\">Tenerife<\/option>\n\t\t\t\t\t\t\t\t\t<option value=\"Teruel\">Teruel<\/option>\n\t\t\t\t\t\t\t\t\t<option value=\"Toledo\">Toledo<\/option>\n\t\t\t\t\t\t\t\t\t<option value=\"Valencia\">Valencia<\/option>\n\t\t\t\t\t\t\t\t\t<option value=\"Valladolid\">Valladolid<\/option>\n\t\t\t\t\t\t\t\t\t<option value=\"Vizcaya\">Vizcaya<\/option>\n\t\t\t\t\t\t\t\t\t<option value=\"Zamora\">Zamora<\/option>\n\t\t\t\t\t\t\t\t\t<option value=\"Zaragoza\">Zaragoza<\/option>\n\t\t\t\t\t\t\t\t\t<option value=\"From outside of Spain\">De fuera de Espa\u00f1a<\/option>\n\t\t\t\t\t\t\t<\/select>\n\t\t<\/div>\n\t\t\t\t\t\t<\/div>\n\t\t\t\t\t\t\t\t<div class=\"elementor-field-type-acceptance elementor-field-group elementor-column elementor-field-group-TermsConditions elementor-col-100 elementor-field-required elementor-mark-required\">\n\t\t\t\t\t\t\t<div class=\"elementor-field-subgroup\">\n\t\t\t<span class=\"elementor-field-option\">\n\t\t\t\t<input type=\"checkbox\" name=\"form_fields[TermsConditions]\" id=\"form-field-TermsConditions\" class=\"elementor-field elementor-size-sm  elementor-acceptance-field\" required=\"required\">\n\t\t\t\t<label for=\"form-field-TermsConditions\">Acepto los <a href=\"https:\/\/www.easyfairs.com\/general-terms-conditions\/#visitor\" target=\"_blank\">t\u00e9rminos y condiciones generales <\/a><\/label>\t\t\t<\/span>\n\t\t<\/div>\n\t\t\t\t\t\t<\/div>\n\t\t\t\t\t\t\t\t<div class=\"elementor-field-type-html elementor-field-group elementor-column elementor-field-group-field_2f2b21f elementor-col-100\">\n\t\t\t\t\tEn Easyfairs nos tomamos muy en serio la privacidad de sus datos y s\u00f3lo utilizamos la informaci\u00f3n de acuerdo a nuestra <a href=\"https:\/\/www.easyfairs.com\/privacy-policy\/\" target=\"_blank\">pol\u00edtica de privacidad<\/a>. Si sus intereses o necesidades cambian, podr\u00e1 darse de baja en cualquier momento a trav\u00e9s el link habilitado en la parte inferior de nuestros emails.\t\t\t\t<\/div>\n\t\t\t\t\t\t\t\t<div class=\"elementor-field-type-recaptcha_v3 elementor-field-group elementor-column elementor-field-group-field_0a43d5e elementor-col-100 recaptcha_v3-inline\">\n\t\t\t\t\t<div class=\"elementor-field\" id=\"form-field-field_0a43d5e\"><div class=\"elementor-g-recaptcha\" data-sitekey=\"6Lc10YAeAAAAAJs11hzXExVXJtRfo5Uz7qRyuYEW\" data-type=\"v3\" data-action=\"Form\" data-badge=\"inline\" data-size=\"invisible\"><\/div><\/div>\t\t\t\t<\/div>\n\t\t\t\t\t\t\t\t<div class=\"elementor-field-group elementor-column elementor-field-type-submit elementor-col-100 e-form__buttons\">\n\t\t\t\t\t<button class=\"elementor-button elementor-size-sm\" type=\"submit\">\n\t\t\t\t\t\t<span class=\"elementor-button-content-wrapper\">\n\t\t\t\t\t\t\t\t\t\t\t\t\t\t\t\t\t\t\t\t\t\t<span class=\"elementor-button-text\">Enviar<\/span>\n\t\t\t\t\t\t\t\t\t\t\t\t\t<\/span>\n\t\t\t\t\t<\/button>\n\t\t\t\t<\/div>\n\t\t\t<\/div>\n\t\t<\/form>\n\t\t\t\t\t\t<\/div>\n\t\t\t\t<\/div>\n\t\t\t\t\t<\/div>\n\t\t<\/div>\n\t\t\t\t\t<\/div>\n\t\t<\/section>\n\t\t\t\t<section class=\"elementor-section elementor-top-section elementor-element elementor-element-430129a elementor-section-full_width elementor-section-height-default elementor-section-height-default\" data-id=\"430129a\" data-element_type=\"section\" data-settings=\"{&quot;background_background&quot;:&quot;classic&quot;}\">\n\t\t\t\t\t\t\t<div class=\"elementor-background-overlay\"><\/div>\n\t\t\t\t\t\t\t<div class=\"elementor-container elementor-column-gap-default\">\n\t\t\t\t\t<div class=\"elementor-column elementor-col-100 elementor-top-column elementor-element elementor-element-97481d0\" data-id=\"97481d0\" data-element_type=\"column\">\n\t\t\t<div class=\"elementor-widget-wrap elementor-element-populated\">\n\t\t\t\t\t\t<div class=\"elementor-element elementor-element-c4564e2 elementor-widget elementor-widget-heading\" data-id=\"c4564e2\" data-element_type=\"widget\" data-widget_type=\"heading.default\">\n\t\t\t\t<div class=\"elementor-widget-container\">\n\t\t\t\t\t<h3 class=\"elementor-heading-title elementor-size-default\">Conoce m\u00e1s sobre Advanced Manufacturing<\/h3>\t\t\t\t<\/div>\n\t\t\t\t<\/div>\n\t\t\t\t<section class=\"elementor-section elementor-inner-section elementor-element elementor-element-bb4715d elementor-section-full_width elementor-section-height-default elementor-section-height-default\" data-id=\"bb4715d\" data-element_type=\"section\">\n\t\t\t\t\t\t<div class=\"elementor-container elementor-column-gap-default\">\n\t\t\t\t\t<div class=\"elementor-column elementor-col-33 elementor-inner-column elementor-element elementor-element-34e3ec9\" data-id=\"34e3ec9\" data-element_type=\"column\">\n\t\t\t<div class=\"elementor-widget-wrap elementor-element-populated\">\n\t\t\t\t\t\t<div class=\"elementor-element elementor-element-cacc828 elementor-flip-box--effect-push elementor-flip-box--direction-up elementor-widget elementor-widget-flip-box\" data-id=\"cacc828\" data-element_type=\"widget\" data-widget_type=\"flip-box.default\">\n\t\t\t\t<div class=\"elementor-widget-container\">\n\t\t\t\t\t\t\t<div class=\"elementor-flip-box\" tabindex=\"0\">\n\t\t\t<div class=\"elementor-flip-box__layer elementor-flip-box__front\">\n\t\t\t\t<div class=\"elementor-flip-box__layer__overlay\">\n\t\t\t\t\t<div class=\"elementor-flip-box__layer__inner\">\n\t\t\t\t\t\t\n\t\t\t\t\t\t\t\t\t\t\t\t\t<h3 class=\"elementor-flip-box__layer__title\">\n\t\t\t\t\t\t\t\tConsulta el listado de expositores\t\t\t\t\t\t\t<\/h3>\n\t\t\t\t\t\t\n\t\t\t\t\t\t\t\t\t\t\t<\/div>\n\t\t\t\t<\/div>\n\t\t\t<\/div>\n\t\t\t<div class=\"elementor-flip-box__layer elementor-flip-box__back\">\n\t\t\t<div class=\"elementor-flip-box__layer__overlay\">\n\t\t\t\t<div class=\"elementor-flip-box__layer__inner\">\n\t\t\t\t\t\n\t\t\t\t\t\t\t\t\t\t\t<div class=\"elementor-flip-box__layer__description\">\n\t\t\t\t\t\t\tConsulta el listado completo de los expositores que participan en Advanced Manufacturing Madrid.\t\t\t\t\t\t<\/div>\n\t\t\t\t\t\n\t\t\t\t\t\t\t\t\t\t\t<a class=\"elementor-flip-box__button elementor-button elementor-size-sm\">\n\t\t\t\t\t\t\tDESCUBRE TODOS LOS EXPOSITORES\t\t\t\t\t\t<\/a>\n\t\t\t\t\t\t\t\t<\/div>\n\t\t<\/div>\n\t\t<\/div>\n\t\t<\/div>\n\t\t\t\t\t\t<\/div>\n\t\t\t\t<\/div>\n\t\t\t\t\t<\/div>\n\t\t<\/div>\n\t\t\t\t<div class=\"elementor-column elementor-col-33 elementor-inner-column elementor-element elementor-element-22aafbb\" data-id=\"22aafbb\" data-element_type=\"column\">\n\t\t\t<div class=\"elementor-widget-wrap elementor-element-populated\">\n\t\t\t\t\t\t<div class=\"elementor-element elementor-element-90cd06f elementor-flip-box--effect-push elementor-flip-box--direction-up elementor-widget elementor-widget-flip-box\" data-id=\"90cd06f\" data-element_type=\"widget\" data-widget_type=\"flip-box.default\">\n\t\t\t\t<div class=\"elementor-widget-container\">\n\t\t\t\t\t\t\t<div class=\"elementor-flip-box\" tabindex=\"0\">\n\t\t\t<div class=\"elementor-flip-box__layer elementor-flip-box__front\">\n\t\t\t\t<div class=\"elementor-flip-box__layer__overlay\">\n\t\t\t\t\t<div class=\"elementor-flip-box__layer__inner\">\n\t\t\t\t\t\t\n\t\t\t\t\t\t\t\t\t\t\t\t\t<h3 class=\"elementor-flip-box__layer__title\">\n\t\t\t\t\t\t\t\tOrganiza tu visita\t\t\t\t\t\t\t<\/h3>\n\t\t\t\t\t\t\n\t\t\t\t\t\t\t\t\t\t\t<\/div>\n\t\t\t\t<\/div>\n\t\t\t<\/div>\n\t\t\t<div class=\"elementor-flip-box__layer elementor-flip-box__back\">\n\t\t\t<div class=\"elementor-flip-box__layer__overlay\">\n\t\t\t\t<div class=\"elementor-flip-box__layer__inner\">\n\t\t\t\t\t\n\t\t\t\t\t\t\t\t\t\t\t<div class=\"elementor-flip-box__layer__description\">\n\t\t\t\t\t\t\tTe ayudamos a sacar el mayor partido a tu visita poniendo a tu disposici\u00f3n: C\u00f3mo llegar, hoteles, adem\u00e1s de distintas opciones de ocio.\t\t\t\t\t\t<\/div>\n\t\t\t\t\t\n\t\t\t\t\t\t\t\t\t\t\t<a class=\"elementor-flip-box__button elementor-button elementor-size-sm\" href=\"https:\/\/www.advancedmanufacturingmadrid.com\/es\/visitar\/organiza-tu-visita\/\">\n\t\t\t\t\t\t\tORGANIZA TU VISITA\t\t\t\t\t\t<\/a>\n\t\t\t\t\t\t\t\t<\/div>\n\t\t<\/div>\n\t\t<\/div>\n\t\t<\/div>\n\t\t\t\t\t\t<\/div>\n\t\t\t\t<\/div>\n\t\t\t\t\t<\/div>\n\t\t<\/div>\n\t\t\t\t<div class=\"elementor-column elementor-col-33 elementor-inner-column elementor-element elementor-element-b92b721\" data-id=\"b92b721\" data-element_type=\"column\">\n\t\t\t<div class=\"elementor-widget-wrap elementor-element-populated\">\n\t\t\t\t\t\t<div class=\"elementor-element elementor-element-9b785d6 elementor-flip-box--effect-push elementor-flip-box--direction-up elementor-widget elementor-widget-flip-box\" data-id=\"9b785d6\" data-element_type=\"widget\" data-widget_type=\"flip-box.default\">\n\t\t\t\t<div class=\"elementor-widget-container\">\n\t\t\t\t\t\t\t<div class=\"elementor-flip-box\" tabindex=\"0\">\n\t\t\t<div class=\"elementor-flip-box__layer elementor-flip-box__front\">\n\t\t\t\t<div class=\"elementor-flip-box__layer__overlay\">\n\t\t\t\t\t<div class=\"elementor-flip-box__layer__inner\">\n\t\t\t\t\t\t\n\t\t\t\t\t\t\t\t\t\t\t\t\t<h3 class=\"elementor-flip-box__layer__title\">\n\t\t\t\t\t\t\t\tTech Congress\t\t\t\t\t\t\t<\/h3>\n\t\t\t\t\t\t\n\t\t\t\t\t\t\t\t\t\t\t<\/div>\n\t\t\t\t<\/div>\n\t\t\t<\/div>\n\t\t\t<div class=\"elementor-flip-box__layer elementor-flip-box__back\">\n\t\t\t<div class=\"elementor-flip-box__layer__overlay\">\n\t\t\t\t<div class=\"elementor-flip-box__layer__inner\">\n\t\t\t\t\t\n\t\t\t\t\t\t\t\t\t\t\t<div class=\"elementor-flip-box__layer__description\">\n\t\t\t\t\t\t\tConsulta las 4 salas de congreso y organiza las charlas que desees ver\t\t\t\t\t\t<\/div>\n\t\t\t\t\t\n\t\t\t\t\t\t\t\t\t\t\t<a class=\"elementor-flip-box__button elementor-button elementor-size-sm\" href=\"https:\/\/www.advancedmanufacturingmadrid.com\/es\/conferencias\/\">\n\t\t\t\t\t\t\tDESCUBRE EL PROGRAMA\t\t\t\t\t\t<\/a>\n\t\t\t\t\t\t\t\t<\/div>\n\t\t<\/div>\n\t\t<\/div>\n\t\t<\/div>\n\t\t\t\t\t\t<\/div>\n\t\t\t\t<\/div>\n\t\t\t\t\t<\/div>\n\t\t<\/div>\n\t\t\t\t\t<\/div>\n\t\t<\/section>\n\t\t\t\t\t<\/div>\n\t\t<\/div>\n\t\t\t\t\t<\/div>\n\t\t<\/section>\n\t\t\t\t<\/div>\n\t\t","protected":false},"excerpt":{"rendered":"<p>Suscr\u00edbete a nuestra newsletter mensual totalmente gratuita y accede directamente a las noticias del mes. Suscr\u00edbete a nuestro bolet\u00edn mensual rellenando el siguiente formulario. Estar\u00e1s al d\u00eda de las \u00faltimas noticias del sector y de las novedades del evento. Adem\u00e1s, tendr\u00e1s acceso gratuito a: Las novedades del sector Las noticias del evento Las ponencias y [&hellip;]<\/p>\n","protected":false},"author":85,"featured_media":0,"parent":341,"menu_order":0,"comment_status":"closed","ping_status":"closed","template":"","meta":{"_seopress_robots_primary_cat":"","_seopress_titles_title":"Suscr\u00edbete a la newsletter | Advanced Manufacturing Madrid.","_seopress_titles_desc":"Suscr\u00edbete a nuestra newsletter mensual totalmente gratuita y accede directamente a las noticias del mes.","_seopress_robots_index":"","footnotes":""},"class_list":["post-345732","page","type-page","status-publish","hentry"],"_links":{"self":[{"href":"https:\/\/www.advancedmanufacturingmadrid.com\/es\/wp-json\/wp\/v2\/pages\/345732","targetHints":{"allow":["GET"]}}],"collection":[{"href":"https:\/\/www.advancedmanufacturingmadrid.com\/es\/wp-json\/wp\/v2\/pages"}],"about":[{"href":"https:\/\/www.advancedmanufacturingmadrid.com\/es\/wp-json\/wp\/v2\/types\/page"}],"author":[{"embeddable":true,"href":"https:\/\/www.advancedmanufacturingmadrid.com\/es\/wp-json\/wp\/v2\/users\/85"}],"replies":[{"embeddable":true,"href":"https:\/\/www.advancedmanufacturingmadrid.com\/es\/wp-json\/wp\/v2\/comments?post=345732"}],"version-history":[{"count":5,"href":"https:\/\/www.advancedmanufacturingmadrid.com\/es\/wp-json\/wp\/v2\/pages\/345732\/revisions"}],"predecessor-version":[{"id":448715,"href":"https:\/\/www.advancedmanufacturingmadrid.com\/es\/wp-json\/wp\/v2\/pages\/345732\/revisions\/448715"}],"up":[{"embeddable":true,"href":"https:\/\/www.advancedmanufacturingmadrid.com\/es\/wp-json\/wp\/v2\/pages\/341"}],"wp:attachment":[{"href":"https:\/\/www.advancedmanufacturingmadrid.com\/es\/wp-json\/wp\/v2\/media?parent=345732"}],"curies":[{"name":"wp","href":"https:\/\/api.w.org\/{rel}","templated":true}]}}