{"id":468315,"date":"2026-01-29T11:08:47","date_gmt":"2026-01-29T10:08:47","guid":{"rendered":"https:\/\/www.advancedmanufacturingmadrid.com\/?page_id=468315"},"modified":"2026-01-29T11:16:11","modified_gmt":"2026-01-29T10:16:11","slug":"bases-awards","status":"publish","type":"page","link":"https:\/\/www.advancedmanufacturingmadrid.com\/es\/bases-awards\/","title":{"rendered":"Bases Awards"},"content":{"rendered":"\t\t<div data-elementor-type=\"wp-page\" data-elementor-id=\"468315\" class=\"elementor elementor-468315\" data-elementor-post-type=\"page\">\n\t\t\t\t\t\t<section class=\"elementor-section elementor-top-section elementor-element elementor-element-bc52229 elementor-section-full_width elementor-section-height-default elementor-section-height-default\" data-id=\"bc52229\" data-element_type=\"section\" data-settings=\"{&quot;background_background&quot;:&quot;classic&quot;}\">\n\t\t\t\t\t\t\t<div class=\"elementor-background-overlay\"><\/div>\n\t\t\t\t\t\t\t<div class=\"elementor-container elementor-column-gap-default\">\n\t\t\t\t\t<div class=\"elementor-column elementor-col-100 elementor-top-column elementor-element elementor-element-adf36fe\" data-id=\"adf36fe\" data-element_type=\"column\">\n\t\t\t<div class=\"elementor-widget-wrap elementor-element-populated\">\n\t\t\t\t\t\t<div class=\"elementor-element elementor-element-80b8972 elementor-widget elementor-widget-heading\" data-id=\"80b8972\" data-element_type=\"widget\" data-widget_type=\"heading.default\">\n\t\t\t\t<div class=\"elementor-widget-container\">\n\t\t\t\t\t<h1 class=\"elementor-heading-title elementor-size-default\">Bases Advanced Manufacturing Awards 2026<\/h1>\t\t\t\t<\/div>\n\t\t\t\t<\/div>\n\t\t\t\t<div class=\"elementor-element elementor-element-cd4be48 elementor-widget elementor-widget-text-editor\" data-id=\"cd4be48\" data-element_type=\"widget\" data-widget_type=\"text-editor.default\">\n\t\t\t\t<div class=\"elementor-widget-container\">\n\t\t\t\t\t\t\t\t\t<p style=\"text-align: left;\">Con la finalidad de dar el reconocimiento y otorgar el prestigio que se merecen las empresas del tejido industrial espa\u00f1ol que d\u00eda a d\u00eda innovan, crean productos y soluciones que ayudan a mejorar cualquier fase de la cadena de valor de una empresa, haci\u00e9ndolas m\u00e1s eficientes, m\u00e1s sostenibles y conectadas, en el a\u00f1o 2022 se crearon los Advanced Manufacturing Awards.<\/p>\n<p style=\"text-align: left;\">El objetivo de los Advanced Manufacturing Awards es reconocer el esfuerzo continuado de las empresas del sector industrial que hayan destacado por desarrollar proyectos de car\u00e1cter innovador en cualquiera de los siguientes \u00e1mbitos: dise\u00f1o y desarrollo de producto, tecnolog\u00eda en el proceso de producci\u00f3n, fabricaci\u00f3n de composites, producci\u00f3n automatizada e integraci\u00f3n rob\u00f3tica, prueba de producto y control de calidad, cadena de producci\u00f3n conectada y sostenibilidad y econom\u00eda circular, durante el \u00faltimo a\u00f1o.<\/p>\n<p style=\"text-align: left;\"><strong>Organizador de los premios<\/strong><\/p>\n<p style=\"text-align: left;\">Easyfairs Iberia, S.L. es el organizador de los Advanced Manufacturing Awards, con domicilio social en Calle Edgar Neville 27, 2\u00ba exterior, 28020, Madrid, Espa\u00f1a y C.I.F. B85454700, bajo la marca Advanced Manufacturing. El proceso de evaluaci\u00f3n y pre-selecci\u00f3n ser\u00e1 llevado a por un Jurado formado por expertos espa\u00f1oles en el sector industrial nacional (80%) y por votaci\u00f3n popular (20%).<\/p>\n<p style=\"text-align: left;\"><strong>Qui\u00e9n puede participar<\/strong><\/p>\n<p style=\"text-align: left;\">Los Advanced Manufacturing Awards est\u00e1n dirigidos a empresas, ejecutivos, parques tecnol\u00f3gicos, universidades e investigadores que hayan lanzado al mercado o implementado un proyecto innovador en alguna de las fases de la cadena de producci\u00f3n entre 2025 y 2026.<\/p>\n<p style=\"text-align: left;\">Requisitos: el producto o proyecto deber\u00e1 estar implementado en el momento de cierre de las candidaturas.&nbsp;<\/p>\n<p style=\"text-align: left;\"><strong>Formalizaci\u00f3n y presentaci\u00f3n de solicitudes<\/strong><\/p>\n<ol style=\"text-align: left;\">\n<li>Las solicitudes a los Premios se realizar\u00e1n exclusivamente de forma electr\u00f3nica en la p\u00e1gina web de Advanced Manufacturing Awards (<a href=\"https:\/\/www.advancedmanufacturingmadrid.com\/es\/advanced-manufacturing-awards\/\">https:\/\/www.advancedmanufacturingmadrid.com\/es\/advanced-manufacturing-awards\/<\/a>) y constar\u00e1n de los siguientes documentos:<\/li>\n<li>a) Formulario de solicitud seg\u00fan modelo que aparece en la web de los premios en cada una de las categor\u00edas, cumplimentado necesariamente con los medios electr\u00f3nicos disponibles en la citada p\u00e1gina web.<\/li>\n<li>b) Memoria descriptiva, en formato electr\u00f3nico PDF (Portable Document Format) con una extensi\u00f3n m\u00e1xima de 20 p\u00e1ginas A4, en la que deber\u00e1 constar:<\/li>\n<\/ol>\n<p style=\"text-align: left;\">c.1) Resumen ejecutivo de los contenidos de la memoria.<\/p>\n<p style=\"text-align: left;\">c.2) Presentaci\u00f3n y trayectoria de la empresa.<\/p>\n<p style=\"text-align: left;\">c.4) Descripci\u00f3n y detalle del proyecto por el que se opta al Premio.<\/p>\n<p style=\"text-align: left;\">c.5) Descripci\u00f3n y an\u00e1lisis, con datos concretos, de los resultados obtenidos e impactos derivados del proyecto presentado lanzado al mercado entre el a\u00f1o 2025 y 2026.<\/p>\n<ol style=\"text-align: left;\">\n<li>d) V\u00eddeo promocional del Proyecto presentado, con una duraci\u00f3n m\u00e1xima de 7 minutos. Se incluir\u00e1 en el formulario de solicitud un enlace al video.<\/li>\n<li>e) Im\u00e1genes que ilustren el Proyecto presentado. Se podr\u00e1n incluir hasta tres im\u00e1genes en formato JPEG, JPG, PNG o GIF.<\/li>\n<li>f) Documentaci\u00f3n adicional. Se podr\u00e1 incluir como material adicional los documentos que sean precisos para avalar las actuaciones m\u00e1s destacadas por las que se opta al Premio, en formato electr\u00f3nico PDF (Portable Document Format) con una extensi\u00f3n m\u00e1xima de 10 p\u00e1ginas.<\/li>\n<li>En caso de que la documentaci\u00f3n est\u00e9 incompleta o contuviese errores subsanables, se requerir\u00e1 al interesado para que, en el plazo de diez d\u00edas h\u00e1biles subsane la falta o acompa\u00f1e los documentos preceptivos, con advertencia de que, si no lo hiciese, se le tendr\u00e1 por desistido de su solicitud.<\/li>\n<\/ol>\n<p style=\"text-align: left;\"><strong><br><\/strong><\/p><p style=\"text-align: left;\"><strong>Plazo de presentaci\u00f3n de solicitudes<\/strong><\/p>\n<p style=\"text-align: left;\">El plazo de presentaci\u00f3n de solicitudes ser\u00e1 del 8 de abril al 30 de junio. La organizaci\u00f3n se reserva el derecho de modificar las fechas y\/o alargar el periodo de presentaci\u00f3n bajo su propio criterio.<\/p>\n<p style=\"text-align: left;\">Se considerar\u00e1n nulas aquellas solicitudes que se hayan realizado posteriormente a la fecha de finalizaci\u00f3n del Concurso.<\/p>\n<p style=\"text-align: left;\"><strong>Evaluaci\u00f3n de las solicitudes<\/strong><\/p>\n<p style=\"text-align: left;\">El Jurado de los Advanced Manufacturing Awards valorar\u00e1 cada una de las solicitudes, seg\u00fan los criterios descritos en cada una de las categor\u00edas de los premios.<\/p>\n<p style=\"text-align: left;\"><strong>Jurado<\/strong><\/p>\n<ol style=\"text-align: left;\">\n<li>Las candidaturas a los premios ser\u00e1n valoradas por un Jurado formado por expertos en el sector industrial, cuya votaci\u00f3n tendr\u00e1 un peso del 80% en los resultados finales, y por votaci\u00f3n popular, que tendr\u00e1 un peso del 20% en los resultados finales.<\/li>\n<li>El Jurado evaluar\u00e1 desde la propia Plataforma de los Advanced Manufacturing Awards cada uno de los proyectos de la categor\u00eda\/s designada\/s y emitir\u00e1 su calificaci\u00f3n en escala de 1 al 100.<\/li>\n<li>La votaci\u00f3n popular estar\u00e1 limitada a una por email registrado en cada categor\u00eda en la p\u00e1gina web de los premios.<\/li>\n<li>La composici\u00f3n de los miembros del Jurado se anunciar\u00e1 en la p\u00e1gina web de los Advanced Manufacturing Awards (<a href=\"https:\/\/www.advancedmanufacturingmadrid.com\/es\/advanced-manufacturing-awards\/\">https:\/\/www.advancedmanufacturingmadrid.com\/es\/advanced-manufacturing-awards\/<\/a>).<\/li>\n<li>El Jurado podr\u00e1 declarar los Premios desiertos si considera que ninguna de las candidaturas re\u00fane los m\u00e9ritos suficientes o si no se presentan al menos dos candidatos.<\/li>\n<\/ol>\n<p style=\"text-align: left;\"><strong>Resoluci\u00f3n, notificaci\u00f3n y recursos<\/strong><\/p>\n<ol style=\"text-align: left;\">\n<li>La nominaci\u00f3n de la candidatura de los Premios se anunciar\u00e1 el 1 de septiembre de 2026 a trav\u00e9s de la publicaci\u00f3n de la lista de nominados en la p\u00e1gina web de los premios (<a href=\"https:\/\/www.advancedmanufacturingmadrid.com\/es\/advanced-manufacturing-awards\/\">https:\/\/www.advancedmanufacturingmadrid.com\/es\/advanced-manufacturing-awards\/<\/a>).<\/li>\n<li>La resoluci\u00f3n final de los ganadores se revelar\u00e1 durante la ceremonia de entrega de los Advanced Manufacturing Awards, que tendr\u00e1 lugar el 4 de noviembre de 2026 a las 16.30 en IFEMA. El acto estar\u00e1 enmarcado dentro de la feria Advanced Manufacturing Madrid.<\/li>\n<\/ol>\n<p style=\"text-align: left;\"><strong>Premios<\/strong><\/p>\n<p style=\"text-align: left;\">Los Advanced Manufacturing Awards 2026 dar\u00e1n a los nominados con los siguientes beneficios:<\/p>\n<ol style=\"text-align: left;\">\n<li>a) Visibilidad en la web de los Advanced Manufacturing Awards en la secci\u00f3n de \u201cnominados\u201d.<\/li>\n<li>b) Publicaci\u00f3n de un v\u00eddeo sobre el producto en nuestras redes sociales para todos los proyectos presentados durante el mes de abril.<\/li>\n<li>c) Cesi\u00f3n de un espacio publicitario en la web de Advanced Manufacturing Madrid, para un banner en formato 300x250px, para todos los proyectos presentados durante abril y mayo.<\/li>\n<li>d) Inclusi\u00f3n en la nota de prensa anunciando a los nominados, enviada a nuestra base de datos de medios y partners.<\/li>\n<li>e) Distintivo digital en formato banner para poder comunicar la nominaci\u00f3n.<\/li>\n<li>f) En el caso de tener contratado un stand en Advanced Manufacturing Madrid, distintivo f\u00edsico como nominado a los premios, para destacar entre los visitantes al evento.<\/li>\n<li>g) En el caso de tener contratado un stand en Advanced Manufacturing Madrid, inclusi\u00f3n en los recorridos guiados \u201cInnovation Tour\u201d. Esta actividad ofrecida a los visitantes consiste en recorridos guiados de 1h en la que se incluyen a los expositores con proyectos innovadores.<\/li>\n<li>h) 5 entradas VIP para el equipo responsable del proyecto nominado a la ceremonia de entrega de premios.<\/li>\n<\/ol>\n<p style=\"text-align: left;\">Los Advanced Manufacturing Awards 2026 dar\u00e1n a los ganadores con los siguientes beneficios:<\/p>\n<ol style=\"text-align: left;\">\n<li>a) Reconocimiento y prestigio acreditado por la marca Advanced Manufacturing Awards y por la evaluaci\u00f3n del jurado.<\/li>\n<li>b) Entrega del galard\u00f3n acreditativo del premio obtenido y la categor\u00eda correspondiente.<\/li>\n<li>c) Difusi\u00f3n de cada uno de los premios a los medios de comunicaci\u00f3n colaboradores en Advanced Manufacturing Madrid 2026 y en redes sociales del evento.<\/li>\n<li>d) Entrega de los gr\u00e1ficos, banners y materiales necesarios que acrediten a la empresa ganadora como tal, as\u00ed como la cesi\u00f3n de los derechos de uso al ser acreditado como GANADOR del premio.<\/li>\n<li>e) Entrevista publicada en nuestra web y newsletter mensual, enviada a todos nuestros suscriptores, en la secci\u00f3n \u201cBehindt he Innovations\u201d.<\/li>\n<\/ol>\n<p style=\"text-align: left;\"><strong>Propiedad intelectual<\/strong><\/p>\n<p style=\"text-align: left;\">Todas las empresas y personas deben garantizar ser los propietarios o autores de la propuesta presentada o titular de los derechos de propiedad intelectual quedando el organizador (Easyfairs) exento de cualquier responsabilidad al respecto.<\/p>\n<p style=\"text-align: left;\">En concreto, los participantes en el concurso declaran que las propuestas realizadas son completamente originales y que en ellas no figura ning\u00fan apartado de ninguna otra obra de cualquier tipo, que pueda comprometer la responsabilidad de Easyfairs.<\/p>\n<p style=\"text-align: left;\">Si la propuesta es finalista, el participante autoriza a la organizaci\u00f3n a difundir, reproducir, distribuir y publicar de forma gratuita, sin limitaci\u00f3n territorial, y sin restricci\u00f3n ni reserva alguna su propuesta en cualquier tipo de formato y por cualquier medio para publicitar los Advanced Manufacturing Awards 2026.<\/p>\n<p style=\"text-align: left;\">Los Participantes aceptan no recibir remuneraci\u00f3n alguna en concepto de dichas publicaciones.<\/p>\n<p style=\"text-align: left;\">El participante reconoce haber sido informado de que Easyfairs:<\/p>\n<ul style=\"text-align: left;\">\n<li>Rechaza todo tipo de responsabilidad acerca de la explotaci\u00f3n o la difusi\u00f3n de las propuestas enviadas por los participantes en cualquier soporte;<\/li>\n<\/ul>\n<p style=\"text-align: left;\"><strong>Protecci\u00f3n de datos<\/strong><\/p>\n<p style=\"text-align: left;\">Easyfairs se toma muy en serio la protecci\u00f3n de su privacidad y de sus datos personales. Debido a la naturaleza confidencial de la informaci\u00f3n proporcionada, los organizadores, el coordinador y los miembros de Jurado de los premios garantizan preservar la identidad de los participantes y el contenido de sus proyectos.<\/p>\n<p style=\"text-align: left;\">De conformidad con lo establecido en el REGLAMENTO (UE) 2016\/679 DEL PARLAMENTO EUROPEO Y DEL CONSEJO de 27 de abril de 2016 relativo a la protecci\u00f3n de las personas f\u00edsicas en lo que respecta al tratamiento de datos personales y a la libre circulaci\u00f3n de estos datos y por el que se deroga la Directiva 95\/46\/CE (en adelante, \u201c<strong>RGPD<\/strong>\u201d) y en la Ley Org\u00e1nica 3\/2018, de 5 de diciembre, de Protecci\u00f3n de Datos Personales y garant\u00eda de los derechos digitales (en adelante, \u201c<strong>LOPDGDD<\/strong>\u201d), cada Participante con la aceptaci\u00f3n de estas Bases Legales consiente que los datos personales facilitados para la participaci\u00f3n en este Concurso sean incorporados a una base de datos titularidad de Easyfairs para tramitar la participaci\u00f3n del Participante y para comunicarle el premio en caso de que resultase ganador.<\/p>\n<p style=\"text-align: left;\">Easyfairs mantiene la seguridad adecuada conforme al RGPD y la LOPDGDD, y ha establecido todos los medios t\u00e9cnicos a su alcance para evitar la p\u00e9rdida, mal uso, alteraci\u00f3n, acceso no autorizado y robo de los datos que los Participantes faciliten a trav\u00e9s del Concurso, sin perjuicio de informarles de que las medidas de seguridad en Internet no son inexpugnables. Easyfairs se compromete a cumplir con el deber de secreto y confidencialidad respecto de los datos personales contenidos en la Base de Datos de acuerdo con la legislaci\u00f3n aplicable.<\/p>\n<p style=\"text-align: left;\">El Participante garantiza que los datos personales facilitados son veraces y se hace responsable de comunicar a Easyfairs, cualquier modificaci\u00f3n de los mismos. El Participante responder\u00e1, en cualquier caso, de la veracidad de los datos facilitados, reserv\u00e1ndose Easyfairs el derecho a excluir del Concurso a todo Participante que haya facilitado datos falsos, sin perjuicio de ejercitar las dem\u00e1s acciones que procedan en Derecho. Se recomienda tener la m\u00e1xima diligencia en materia de Protecci\u00f3n de Datos mediante la utilizaci\u00f3n de herramientas de seguridad, no pudi\u00e9ndose responsabilizar a Easyfairs de sustracciones, modificaciones o p\u00e9rdidas de datos il\u00edcitas.<\/p>\n<p style=\"text-align: left;\">Le informamos que puede ejercer sus derechos de Acceso, Rectificaci\u00f3n, Supresi\u00f3n, Oposici\u00f3n, limitaci\u00f3n, portabilidad y a no ser objeto de decisiones individuales automatizadas, mediante el env\u00edo de un email a&nbsp;<a href=\"mailto:dpo@easyfairs.com\">dpo@easyfairs.com<\/a>&nbsp;o por carta dirigida a la direcci\u00f3n Calle Edgar Neville 27, 2\u00ba exterior, 28020, Madrid, Espa\u00f1a, adjuntando una copia del DNI.<\/p>\n<p style=\"text-align: left;\">Para m\u00e1s informaci\u00f3n, puede consultar la pol\u00edtica de privacidad de Easyfairs a trav\u00e9s del siguiente enlace:&nbsp;<a href=\"https:\/\/www.easyfairs.com\/privacy-policy\/\">https:\/\/www.easyfairs.com\/privacy-policy\/<\/a><\/p>\n<p style=\"text-align: left;\">Una vez el proyecto sea seleccionado como finalista, los organizadores de los premios podr\u00e1n hacer p\u00fablicos todos los detalles o caracter\u00edsticas que pudieran tener consideraci\u00f3n de datos de \u00edndole considerados como p\u00fablicos (nombre del proyecto, organizaci\u00f3n responsable, persona a cargo, p\u00e1ginas web, descripci\u00f3n, prop\u00f3sito y categor\u00eda).<\/p>\n<p style=\"text-align: left;\"><strong>Legislaci\u00f3n y jurisdicci\u00f3n<\/strong><\/p>\n<p style=\"text-align: left;\">Las presentes bases se rigen por la ley espa\u00f1ola. Los participantes aceptan que cualesquiera controversias que puedan surgir en la interpretaci\u00f3n y ejecuci\u00f3n de estas bases quedar\u00e1n sometidas a la jurisdicci\u00f3n de los juzgados y tribunales de la ciudad de Madrid.<\/p>\t\t\t\t\t\t\t\t<\/div>\n\t\t\t\t<\/div>\n\t\t\t\t<div class=\"elementor-element elementor-element-0cf5df8 elementor-widget elementor-widget-menu-anchor\" data-id=\"0cf5df8\" data-element_type=\"widget\" data-widget_type=\"menu-anchor.default\">\n\t\t\t\t<div class=\"elementor-widget-container\">\n\t\t\t\t\t\t\t<div class=\"elementor-menu-anchor\" id=\"fabricainteligente\"><\/div>\n\t\t\t\t\t\t<\/div>\n\t\t\t\t<\/div>\n\t\t\t\t\t<\/div>\n\t\t<\/div>\n\t\t\t\t\t<\/div>\n\t\t<\/section>\n\t\t\t\t<\/div>\n\t\t","protected":false},"excerpt":{"rendered":"<p>Advanced Manufacturing Awards Tu voto es importante Te presentamos las candidaturas y los candidatos de los Advanced Manufacturing Awards: \u00a1Dinos cu\u00e1l te gusta m\u00e1s? Te contamos c\u00f3mo aportamos nuestro granito de arena en este viaje hacia un mundo mejor! F\u00e1brica Inteligente: Mejor cadena de producci\u00f3n conectada Mejor innovaci\u00f3n en dise\u00f1o y desarollo de producto Mejor [&hellip;]<\/p>\n","protected":false},"author":118,"featured_media":0,"parent":0,"menu_order":0,"comment_status":"closed","ping_status":"closed","template":"","meta":{"_seopress_robots_primary_cat":"","_seopress_titles_title":"Bases Awards - Advanced Manufacturing Madrid","_seopress_titles_desc":"Consulta las bases de los premios de Advanced Manufacturing y todas las especificaciones t\u00e9cnicas","_seopress_robots_index":"","footnotes":""},"class_list":["post-468315","page","type-page","status-publish","hentry"],"_links":{"self":[{"href":"https:\/\/www.advancedmanufacturingmadrid.com\/es\/wp-json\/wp\/v2\/pages\/468315","targetHints":{"allow":["GET"]}}],"collection":[{"href":"https:\/\/www.advancedmanufacturingmadrid.com\/es\/wp-json\/wp\/v2\/pages"}],"about":[{"href":"https:\/\/www.advancedmanufacturingmadrid.com\/es\/wp-json\/wp\/v2\/types\/page"}],"author":[{"embeddable":true,"href":"https:\/\/www.advancedmanufacturingmadrid.com\/es\/wp-json\/wp\/v2\/users\/118"}],"replies":[{"embeddable":true,"href":"https:\/\/www.advancedmanufacturingmadrid.com\/es\/wp-json\/wp\/v2\/comments?post=468315"}],"version-history":[{"count":5,"href":"https:\/\/www.advancedmanufacturingmadrid.com\/es\/wp-json\/wp\/v2\/pages\/468315\/revisions"}],"predecessor-version":[{"id":468320,"href":"https:\/\/www.advancedmanufacturingmadrid.com\/es\/wp-json\/wp\/v2\/pages\/468315\/revisions\/468320"}],"wp:attachment":[{"href":"https:\/\/www.advancedmanufacturingmadrid.com\/es\/wp-json\/wp\/v2\/media?parent=468315"}],"curies":[{"name":"wp","href":"https:\/\/api.w.org\/{rel}","templated":true}]}}